{"id":669,"date":"2025-02-03T14:17:09","date_gmt":"2025-02-03T13:17:09","guid":{"rendered":"https:\/\/tune.design421.de\/?page_id=669"},"modified":"2026-01-20T13:18:39","modified_gmt":"2026-01-20T12:18:39","slug":"jaehrlich","status":"publish","type":"page","link":"https:\/\/tune.design421.de\/en\/pakete\/jaehrlich\/","title":{"rendered":"Annual payment"},"content":{"rendered":"<div data-elementor-type=\"wp-page\" data-elementor-id=\"669\" class=\"elementor elementor-669\" data-elementor-post-type=\"page\">\n\t\t\t\t<div class=\"elementor-element elementor-element-e6dfc43 e-flex e-con-boxed e-con e-parent\" data-id=\"e6dfc43\" data-element_type=\"container\">\n\t\t\t\t\t<div class=\"e-con-inner\">\n\t\t<div class=\"elementor-element elementor-element-4824226 e-con-full e-flex e-con e-child\" data-id=\"4824226\" data-element_type=\"container\">\n\t\t\t\t<div class=\"elementor-element elementor-element-572bf5f elementor-widget elementor-widget-heading\" data-id=\"572bf5f\" data-element_type=\"widget\" data-widget_type=\"heading.default\">\n\t\t\t\t\t<span class=\"elementor-heading-title elementor-size-default\">Annual payment<\/span>\t\t\t\t<\/div>\n\t\t\t\t<div class=\"elementor-element elementor-element-6495a2f elementor-widget elementor-widget-heading\" data-id=\"6495a2f\" data-element_type=\"widget\" data-widget_type=\"heading.default\">\n\t\t\t\t\t<h1 class=\"elementor-heading-title elementor-size-default\">Now <span>Offer<\/span> request<\/h1>\t\t\t\t<\/div>\n\t\t\t\t<\/div>\n\t\t<div class=\"elementor-element elementor-element-37c1340 e-con-full e-flex e-con e-child\" data-id=\"37c1340\" data-element_type=\"container\">\n\t\t<div class=\"elementor-element elementor-element-afc44ff e-con-full e-flex e-con e-child\" data-id=\"afc44ff\" data-element_type=\"container\" data-settings=\"{&quot;background_background&quot;:&quot;classic&quot;}\">\n\t\t\t\t<div class=\"elementor-element elementor-element-a8e6c26 elementor-widget__width-inherit elementor-widget elementor-widget-heading\" data-id=\"a8e6c26\" data-element_type=\"widget\" data-widget_type=\"heading.default\">\n\t\t\t\t\t<h2 class=\"elementor-heading-title elementor-size-default\">Package selection<\/h2>\t\t\t\t<\/div>\n\t\t\t\t<div class=\"elementor-element elementor-element-cffcdb9 elementor-align-left elementor-widget__width-inherit active elementor-widget elementor-widget-lottie\" data-id=\"cffcdb9\" data-element_type=\"widget\" data-settings=\"{&quot;source_json&quot;:{&quot;url&quot;:&quot;https:\\\/\\\/tune.design421.de\\\/wp-content\\\/uploads\\\/2025\\\/01\\\/annual.json&quot;,&quot;id&quot;:565,&quot;size&quot;:&quot;&quot;,&quot;alt&quot;:&quot;&quot;,&quot;source&quot;:&quot;library&quot;},&quot;caption_source&quot;:&quot;custom&quot;,&quot;caption&quot;:&quot;J\\u00e4hrliche Zahlung&quot;,&quot;link_to&quot;:&quot;custom&quot;,&quot;trigger&quot;:&quot;on_hover&quot;,&quot;custom_link&quot;:{&quot;url&quot;:&quot;https:\\\/\\\/tune.design421.de\\\/en\\\/pakete\\\/jaehrlich\\\/&quot;,&quot;is_external&quot;:&quot;&quot;,&quot;nofollow&quot;:&quot;&quot;,&quot;custom_attributes&quot;:&quot;&quot;},&quot;source&quot;:&quot;media_file&quot;,&quot;on_hover_out&quot;:&quot;default&quot;,&quot;hover_area&quot;:&quot;animation&quot;,&quot;play_speed&quot;:{&quot;unit&quot;:&quot;px&quot;,&quot;size&quot;:1,&quot;sizes&quot;:[]},&quot;start_point&quot;:{&quot;unit&quot;:&quot;%&quot;,&quot;size&quot;:0,&quot;sizes&quot;:[]},&quot;end_point&quot;:{&quot;unit&quot;:&quot;%&quot;,&quot;size&quot;:100,&quot;sizes&quot;:[]},&quot;renderer&quot;:&quot;svg&quot;}\" data-widget_type=\"lottie.default\">\n\t\t\t\t\t<a class=\"e-lottie__container__link\" href=\"https:\/\/tune.design421.de\/en\/pakete\/jaehrlich\/\"><div class=\"e-lottie__container\"><div class=\"e-lottie__animation\"><\/div><p class=\"e-lottie__caption\"> Annual payment<\/p><\/div><\/a>\t\t\t\t<\/div>\n\t\t\t\t<div class=\"elementor-element elementor-element-2ec8429 elementor-align-left elementor-widget__width-inherit elementor-widget elementor-widget-lottie\" data-id=\"2ec8429\" data-element_type=\"widget\" data-settings=\"{&quot;source_json&quot;:{&quot;url&quot;:&quot;https:\\\/\\\/tune.design421.de\\\/wp-content\\\/uploads\\\/2025\\\/01\\\/monthly.json&quot;,&quot;id&quot;:564,&quot;size&quot;:&quot;&quot;,&quot;alt&quot;:&quot;&quot;,&quot;source&quot;:&quot;library&quot;},&quot;caption_source&quot;:&quot;custom&quot;,&quot;caption&quot;:&quot;Monatliche Zahlung&quot;,&quot;link_to&quot;:&quot;custom&quot;,&quot;trigger&quot;:&quot;on_hover&quot;,&quot;source&quot;:&quot;media_file&quot;,&quot;custom_link&quot;:{&quot;url&quot;:&quot;https:\\\/\\\/tune.design421.de\\\/en\\\/pakete\\\/monatlich\\\/&quot;,&quot;is_external&quot;:&quot;&quot;,&quot;nofollow&quot;:&quot;&quot;,&quot;custom_attributes&quot;:&quot;&quot;},&quot;on_hover_out&quot;:&quot;default&quot;,&quot;hover_area&quot;:&quot;animation&quot;,&quot;play_speed&quot;:{&quot;unit&quot;:&quot;px&quot;,&quot;size&quot;:1,&quot;sizes&quot;:[]},&quot;start_point&quot;:{&quot;unit&quot;:&quot;%&quot;,&quot;size&quot;:0,&quot;sizes&quot;:[]},&quot;end_point&quot;:{&quot;unit&quot;:&quot;%&quot;,&quot;size&quot;:100,&quot;sizes&quot;:[]},&quot;renderer&quot;:&quot;svg&quot;}\" data-widget_type=\"lottie.default\">\n\t\t\t\t\t<a class=\"e-lottie__container__link\" href=\"https:\/\/tune.design421.de\/en\/pakete\/monatlich\/\"><div class=\"e-lottie__container\"><div class=\"e-lottie__animation\"><\/div><p class=\"e-lottie__caption\"> Monthly payment<\/p><\/div><\/a>\t\t\t\t<\/div>\n\t\t\t\t<div class=\"elementor-element elementor-element-cdbd785 elementor-align-left elementor-widget__width-inherit elementor-widget elementor-widget-lottie\" data-id=\"cdbd785\" data-element_type=\"widget\" data-settings=\"{&quot;source_json&quot;:{&quot;url&quot;:&quot;https:\\\/\\\/tune.design421.de\\\/wp-content\\\/uploads\\\/2025\\\/01\\\/demo.json&quot;,&quot;id&quot;:563,&quot;size&quot;:&quot;&quot;,&quot;alt&quot;:&quot;&quot;,&quot;source&quot;:&quot;library&quot;},&quot;caption_source&quot;:&quot;custom&quot;,&quot;caption&quot;:&quot;14 Tage Demo-Version&quot;,&quot;link_to&quot;:&quot;custom&quot;,&quot;custom_link&quot;:{&quot;url&quot;:&quot;https:\\\/\\\/tune.design421.de\\\/en\\\/pakete\\\/demo\\\/&quot;,&quot;is_external&quot;:&quot;&quot;,&quot;nofollow&quot;:&quot;&quot;,&quot;custom_attributes&quot;:&quot;&quot;},&quot;trigger&quot;:&quot;on_hover&quot;,&quot;source&quot;:&quot;media_file&quot;,&quot;on_hover_out&quot;:&quot;default&quot;,&quot;hover_area&quot;:&quot;animation&quot;,&quot;play_speed&quot;:{&quot;unit&quot;:&quot;px&quot;,&quot;size&quot;:1,&quot;sizes&quot;:[]},&quot;start_point&quot;:{&quot;unit&quot;:&quot;%&quot;,&quot;size&quot;:0,&quot;sizes&quot;:[]},&quot;end_point&quot;:{&quot;unit&quot;:&quot;%&quot;,&quot;size&quot;:100,&quot;sizes&quot;:[]},&quot;renderer&quot;:&quot;svg&quot;}\" data-widget_type=\"lottie.default\">\n\t\t\t\t\t<a class=\"e-lottie__container__link\" href=\"https:\/\/tune.design421.de\/en\/pakete\/demo\/\"><div class=\"e-lottie__container\"><div class=\"e-lottie__animation\"><\/div><p class=\"e-lottie__caption\"> 14 days demo version<\/p><\/div><\/a>\t\t\t\t<\/div>\n\t\t\t\t<div class=\"elementor-element elementor-element-23074d8 elementor-widget-divider--view-line elementor-widget elementor-widget-divider\" data-id=\"23074d8\" data-element_type=\"widget\" data-widget_type=\"divider.default\">\n\t\t\t\t\t\t\t<div class=\"elementor-divider\">\n\t\t\t<span class=\"elementor-divider-separator\">\n\t\t\t\t\t\t<\/span>\n\t\t<\/div>\n\t\t\t\t\t\t<\/div>\n\t\t\t\t<div class=\"elementor-element elementor-element-76e2df3 elementor-widget__width-inherit elementor-widget elementor-widget-heading\" data-id=\"76e2df3\" data-element_type=\"widget\" data-widget_type=\"heading.default\">\n\t\t\t\t\t<h2 class=\"elementor-heading-title elementor-size-default\">Contact us<\/h2>\t\t\t\t<\/div>\n\t\t\t\t<div class=\"elementor-element elementor-element-d0dc6f0 elementor-align-start elementor-widget__width-inherit elementor-icon-list--layout-traditional elementor-list-item-link-full_width elementor-widget elementor-widget-icon-list\" data-id=\"d0dc6f0\" data-element_type=\"widget\" data-widget_type=\"icon-list.default\">\n\t\t\t\t\t\t\t<ul class=\"elementor-icon-list-items\">\n\t\t\t\t\t\t\t<li class=\"elementor-icon-list-item\">\n\t\t\t\t\t\t\t\t\t\t\t<span class=\"elementor-icon-list-icon\">\n\t\t\t\t\t\t\t<i aria-hidden=\"true\" class=\"dcbold- dc-bold-rounded-b-phone\"><\/i>\t\t\t\t\t\t<\/span>\n\t\t\t\t\t\t\t\t\t\t<span class=\"elementor-icon-list-text\">+49 (0) 211 152 029 88<\/span>\n\t\t\t\t\t\t\t\t\t<\/li>\n\t\t\t\t\t\t\t\t<li class=\"elementor-icon-list-item\">\n\t\t\t\t\t\t\t\t\t\t\t<a href=\"mailto:sales@tuneconf.com\">\n\n\t\t\t\t\t\t\t\t\t\t\t\t<span class=\"elementor-icon-list-icon\">\n\t\t\t\t\t\t\t<i aria-hidden=\"true\" class=\"dcbold- dc-bold-rounded-b-mail\"><\/i>\t\t\t\t\t\t<\/span>\n\t\t\t\t\t\t\t\t\t\t<span class=\"elementor-icon-list-text\">sales@tuneconf.com<\/span>\n\t\t\t\t\t\t\t\t\t\t\t<\/a>\n\t\t\t\t\t\t\t\t\t<\/li>\n\t\t\t\t\t\t<\/ul>\n\t\t\t\t\t\t<\/div>\n\t\t\t\t<\/div>\n\t\t<div class=\"elementor-element elementor-element-9a29607 e-con-full e-flex e-con e-child\" data-id=\"9a29607\" data-element_type=\"container\" data-settings=\"{&quot;background_background&quot;:&quot;classic&quot;}\">\n\t\t\t\t<div class=\"elementor-element elementor-element-b640288 elementor-widget__width-inherit elementor-widget elementor-widget-heading\" data-id=\"b640288\" data-element_type=\"widget\" data-widget_type=\"heading.default\">\n\t\t\t\t\t<h2 class=\"elementor-heading-title elementor-size-default\">Offer for the annual payment method<\/h2>\t\t\t\t<\/div>\n\t\t\t\t<div class=\"elementor-element elementor-element-9ef5722 elementor-widget__width-inherit elementor-button-align-end elementor-widget elementor-widget-form\" data-id=\"9ef5722\" data-element_type=\"widget\" data-settings=\"{&quot;step_next_label&quot;:&quot;Weiter&quot;,&quot;step_previous_label&quot;:&quot;Zur\\u00fcck&quot;,&quot;button_width&quot;:&quot;100&quot;,&quot;step_type&quot;:&quot;number_text&quot;,&quot;step_icon_shape&quot;:&quot;circle&quot;}\" data-widget_type=\"form.default\">\n\t\t\t\t\t\t\t<form class=\"elementor-form\" method=\"post\" name=\"Kontaktformular\" aria-label=\"Contact form\" action=\"\">\n\t\t\t<input type=\"hidden\" name=\"post_id\" value=\"669\"\/>\n\t\t\t<input type=\"hidden\" name=\"form_id\" value=\"9ef5722\"\/>\n\t\t\t<input type=\"hidden\" name=\"referer_title\" value=\"J\u00e4hrliche Zahlung - Tuning Configurator\" \/>\n\n\t\t\t\t\t\t\t<input type=\"hidden\" name=\"queried_id\" value=\"669\"\/>\n\t\t\t\n\t\t\t<div class=\"elementor-form-fields-wrapper elementor-labels-\">\n\t\t\t\t\t\t\t\t<div class=\"elementor-field-type-radio elementor-field-group elementor-column elementor-field-group-field_30e45a7 elementor-col-100 elementor-field-required\">\n\t\t\t\t\t\t\t\t\t\t\t\t<label for=\"form-field-field_30e45a7\" class=\"elementor-field-label elementor-screen-only\">\n\t\t\t\t\t\t\t\tGender\t\t\t\t\t\t\t<\/label>\n\t\t\t\t\t\t<div class=\"elementor-field-subgroup  elementor-subgroup-inline\"><span class=\"elementor-field-option\"><input type=\"radio\" value=\"Herr\" id=\"form-field-field_30e45a7-0\" name=\"form_fields[field_30e45a7]\" required=\"required\"> <label for=\"form-field-field_30e45a7-0\">Mr.<\/label><\/span><span class=\"elementor-field-option\"><input type=\"radio\" value=\"Frau\" id=\"form-field-field_30e45a7-1\" name=\"form_fields[field_30e45a7]\" required=\"required\"> <label for=\"form-field-field_30e45a7-1\">Woman<\/label><\/span><span class=\"elementor-field-option\"><input type=\"radio\" value=\"Anderes\" id=\"form-field-field_30e45a7-2\" name=\"form_fields[field_30e45a7]\" required=\"required\"> <label for=\"form-field-field_30e45a7-2\">Other<\/label><\/span><\/div>\t\t\t\t<\/div>\n\t\t\t\t\t\t\t\t<div class=\"elementor-field-type-text elementor-field-group elementor-column elementor-field-group-name elementor-col-50 elementor-field-required\">\n\t\t\t\t\t\t\t\t\t\t\t\t<label for=\"form-field-name\" class=\"elementor-field-label elementor-screen-only\">\n\t\t\t\t\t\t\t\tFirst name\t\t\t\t\t\t\t<\/label>\n\t\t\t\t\t\t\t\t\t\t\t\t\t\t<input size=\"1\" type=\"text\" name=\"form_fields[name]\" id=\"form-field-name\" class=\"elementor-field elementor-size-md  elementor-field-textual\" placeholder=\"First name\" required=\"required\">\n\t\t\t\t\t\t\t\t\t\t\t<\/div>\n\t\t\t\t\t\t\t\t<div class=\"elementor-field-type-text elementor-field-group elementor-column elementor-field-group-field_35d1008 elementor-col-50 elementor-field-required\">\n\t\t\t\t\t\t\t\t\t\t\t\t<label for=\"form-field-field_35d1008\" class=\"elementor-field-label elementor-screen-only\">\n\t\t\t\t\t\t\t\tSurname\t\t\t\t\t\t\t<\/label>\n\t\t\t\t\t\t\t\t\t\t\t\t\t\t<input size=\"1\" type=\"text\" name=\"form_fields[field_35d1008]\" id=\"form-field-field_35d1008\" class=\"elementor-field elementor-size-md  elementor-field-textual\" placeholder=\"Surname\" required=\"required\">\n\t\t\t\t\t\t\t\t\t\t\t<\/div>\n\t\t\t\t\t\t\t\t<div class=\"elementor-field-type-email elementor-field-group elementor-column elementor-field-group-email elementor-col-100 elementor-field-required\">\n\t\t\t\t\t\t\t\t\t\t\t\t<label for=\"form-field-email\" class=\"elementor-field-label elementor-screen-only\">\n\t\t\t\t\t\t\t\te-mail\t\t\t\t\t\t\t<\/label>\n\t\t\t\t\t\t\t\t\t\t\t\t\t\t<input size=\"1\" type=\"email\" name=\"form_fields[email]\" id=\"form-field-email\" class=\"elementor-field elementor-size-md  elementor-field-textual\" placeholder=\"e-mail\" required=\"required\">\n\t\t\t\t\t\t\t\t\t\t\t<\/div>\n\t\t\t\t\t\t\t\t<div class=\"elementor-field-type-tel elementor-field-group elementor-column elementor-field-group-field_e5bdb0f elementor-col-100 elementor-field-required\">\n\t\t\t\t\t\t\t\t\t\t\t\t<label for=\"form-field-field_e5bdb0f\" class=\"elementor-field-label elementor-screen-only\">\n\t\t\t\t\t\t\t\tTelephone\t\t\t\t\t\t\t<\/label>\n\t\t\t\t\t\t<span class=\"ccfef-editor-intl-input\" data-id=\"form-field-field_e5bdb0f\" data-field-id=\"e5bdb0f\" data-default-country=\"de\" data-include-countries=\"de,us,en,at,ch,nl\" data-exclude-countries=\"\" data-dial-code-visibility=\"show\" data-strict-mode=\"no\" style=\"display: none;\"><\/span>\t\t<input size=\"1\" type=\"tel\" name=\"form_fields[field_e5bdb0f]\" id=\"form-field-field_e5bdb0f\" class=\"elementor-field elementor-size-md  elementor-field-textual\" placeholder=\"Telephone\" required=\"required\" pattern=\"[0-9()#&amp;+*-=.]+\" title=\"Only numbers or telephone characters (#, -, *, etc) are accepted.\">\n\n\t\t\t\t\t\t<\/div>\n\t\t\t\t\t\t\t\t<div class=\"elementor-field-type-url elementor-field-group elementor-column elementor-field-group-field_029047a elementor-col-100 elementor-field-required\">\n\t\t\t\t\t\t\t\t\t\t\t\t<label for=\"form-field-field_029047a\" class=\"elementor-field-label elementor-screen-only\">\n\t\t\t\t\t\t\t\tWebsite\t\t\t\t\t\t\t<\/label>\n\t\t\t\t\t\t\t\t\t\t\t\t\t\t<input size=\"1\" type=\"url\" name=\"form_fields[field_029047a]\" id=\"form-field-field_029047a\" class=\"elementor-field elementor-size-md  elementor-field-textual\" placeholder=\"Your website\" required=\"required\">\n\t\t\t\t\t\t\t\t\t\t\t<\/div>\n\t\t\t\t\t\t\t\t<div class=\"elementor-field-type-textarea elementor-field-group elementor-column elementor-field-group-field_4961dfb elementor-col-100\">\n\t\t\t\t\t\t\t\t\t\t\t\t<label for=\"form-field-field_4961dfb\" class=\"elementor-field-label elementor-screen-only\">\n\t\t\t\t\t\t\t\tMore info\t\t\t\t\t\t\t<\/label>\n\t\t\t\t\t\t<textarea class=\"elementor-field-textual elementor-field  elementor-size-md\" name=\"form_fields[field_4961dfb]\" id=\"form-field-field_4961dfb\" rows=\"4\" placeholder=\"Further comments (optional)\"><\/textarea>\t\t\t\t<\/div>\n\t\t\t\t\t\t\t\t<div class=\"elementor-field-type-acceptance elementor-field-group elementor-column elementor-field-group-field_2d03177 elementor-col-100 elementor-field-required\">\n\t\t\t\t\t\t\t\t\t\t\t\t<label for=\"form-field-field_2d03177\" class=\"elementor-field-label elementor-screen-only\">\n\t\t\t\t\t\t\t\tData protection\t\t\t\t\t\t\t<\/label>\n\t\t\t\t\t\t\t\t<div class=\"elementor-field-subgroup\">\n\t\t\t<span class=\"elementor-field-option\">\n\t\t\t\t<input type=\"checkbox\" name=\"form_fields[field_2d03177]\" id=\"form-field-field_2d03177\" class=\"elementor-field elementor-size-md  elementor-acceptance-field\" required=\"required\">\n\t\t\t\t<label for=\"form-field-field_2d03177\">I have the <a href=\"https:\/\/ilovesolution.de\/datenschutz\" target=\"_blank\">Privacy policy<\/a> read and accepted.<\/label>\t\t\t<\/span>\n\t\t<\/div>\n\t\t\t\t\t\t<\/div>\n\t\t\t\t\t\t\t\t<div class=\"elementor-field-type-recaptcha_v3 elementor-field-group elementor-column elementor-field-group-field_d7b76a6 elementor-col-100 recaptcha_v3-inline\">\n\t\t\t\t\t<div class=\"elementor-field\" id=\"form-field-field_d7b76a6\"><div class=\"elementor-g-recaptcha\" data-sitekey=\"6Lfha8sqAAAAABIYKbOZN7LrKL2lY4AagIlB1-HS\" data-type=\"v3\" data-action=\"Form\" data-badge=\"inline\" data-size=\"invisible\"><\/div><\/div>\t\t\t\t<\/div>\n\t\t\t\t\t\t\t\t<div class=\"elementor-field-group elementor-column elementor-field-type-submit elementor-col-100 e-form__buttons\">\n\t\t\t\t\t<button class=\"elementor-button elementor-size-sm\" type=\"submit\">\n\t\t\t\t\t\t<span class=\"elementor-button-content-wrapper\">\n\t\t\t\t\t\t\t\t\t\t\t\t\t\t\t<span class=\"elementor-button-icon\">\n\t\t\t\t\t\t\t\t\t<i aria-hidden=\"true\" class=\"dcbold- dc-bold-rounded-b-arrow-right\"><\/i>\t\t\t\t\t\t\t\t\t\t\t\t\t\t\t\t\t<\/span>\n\t\t\t\t\t\t\t\t\t\t\t\t\t\t\t\t\t\t\t\t\t\t<span class=\"elementor-button-text\">Request a demo<\/span>\n\t\t\t\t\t\t\t\t\t\t\t\t\t<\/span>\n\t\t\t\t\t<\/button>\n\t\t\t\t<\/div>\n\t\t\t<\/div>\n\t\t<input type=\"hidden\" name=\"trp-form-language\" value=\"en\"\/><\/form>\n\t\t\t\t\t\t<\/div>\n\t\t\t\t<\/div>\n\t\t\t\t<\/div>\n\t\t\t\t\t<\/div>\n\t\t\t\t<\/div>\n\t\t\t\t<\/div>","protected":false},"excerpt":{"rendered":"<p>J\u00e4hrliche Zahlung Jetzt Angebot anfragen Paketauswahl J\u00e4hrliche Zahlung Monatliche Zahlung 14 Tage Demo-Version Kontakt +49 (0) 211 152 029 88 sales@tuneconf.com Angebot f\u00fcr die j\u00e4hrliche Zahlungsweise<\/p>","protected":false},"author":1,"featured_media":0,"parent":655,"menu_order":0,"comment_status":"closed","ping_status":"closed","template":"","meta":{"footnotes":""},"class_list":["post-669","page","type-page","status-publish","hentry"],"yoast_head":"<!-- This site is optimized with the Yoast SEO plugin v26.8 - https:\/\/yoast.com\/product\/yoast-seo-wordpress\/ -->\n<title>J\u00e4hrliche Zahlung - Tuning Configurator<\/title>\n<meta name=\"robots\" content=\"noindex, follow, max-snippet:-1, max-image-preview:large, max-video-preview:-1\" \/>\n<meta property=\"og:locale\" content=\"en_US\" \/>\n<meta property=\"og:type\" content=\"article\" \/>\n<meta property=\"og:title\" content=\"J\u00e4hrliche Zahlung - Tuning Configurator\" \/>\n<meta property=\"og:description\" content=\"J\u00e4hrliche Zahlung Jetzt Angebot anfragen Paketauswahl J\u00e4hrliche Zahlung Monatliche Zahlung 14 Tage Demo-Version Kontakt +49 (0) 211 152 029 88 sales@tuneconf.com Angebot f\u00fcr die j\u00e4hrliche Zahlungsweise\" \/>\n<meta property=\"og:url\" content=\"https:\/\/tune.design421.de\/en\/pakete\/jaehrlich\/\" \/>\n<meta property=\"og:site_name\" content=\"Tuning Configurator\" \/>\n<meta property=\"article:modified_time\" content=\"2026-01-20T12:18:39+00:00\" \/>\n<meta name=\"twitter:card\" content=\"summary_large_image\" \/>\n<script type=\"application\/ld+json\" class=\"yoast-schema-graph\">{\"@context\":\"https:\/\/schema.org\",\"@graph\":[{\"@type\":\"WebPage\",\"@id\":\"https:\/\/tune.design421.de\/pakete\/jaehrlich\/\",\"url\":\"https:\/\/tune.design421.de\/pakete\/jaehrlich\/\",\"name\":\"J\u00e4hrliche Zahlung - Tuning Configurator\",\"isPartOf\":{\"@id\":\"https:\/\/tune.design421.de\/#website\"},\"datePublished\":\"2025-02-03T13:17:09+00:00\",\"dateModified\":\"2026-01-20T12:18:39+00:00\",\"breadcrumb\":{\"@id\":\"https:\/\/tune.design421.de\/pakete\/jaehrlich\/#breadcrumb\"},\"inLanguage\":\"en-US\",\"potentialAction\":[{\"@type\":\"ReadAction\",\"target\":[\"https:\/\/tune.design421.de\/pakete\/jaehrlich\/\"]}]},{\"@type\":\"BreadcrumbList\",\"@id\":\"https:\/\/tune.design421.de\/pakete\/jaehrlich\/#breadcrumb\",\"itemListElement\":[{\"@type\":\"ListItem\",\"position\":1,\"name\":\"Startseite\",\"item\":\"https:\/\/tune.design421.de\/\"},{\"@type\":\"ListItem\",\"position\":2,\"name\":\"Pakete\",\"item\":\"https:\/\/tune.design421.de\/pakete\/\"},{\"@type\":\"ListItem\",\"position\":3,\"name\":\"J\u00e4hrliche Zahlung\"}]},{\"@type\":\"WebSite\",\"@id\":\"https:\/\/tune.design421.de\/#website\",\"url\":\"https:\/\/tune.design421.de\/\",\"name\":\"Tuning Configurator\",\"description\":\"Level up your Website with our Tuning Configurator\",\"publisher\":{\"@id\":\"https:\/\/tune.design421.de\/#organization\"},\"potentialAction\":[{\"@type\":\"SearchAction\",\"target\":{\"@type\":\"EntryPoint\",\"urlTemplate\":\"https:\/\/tune.design421.de\/?s={search_term_string}\"},\"query-input\":{\"@type\":\"PropertyValueSpecification\",\"valueRequired\":true,\"valueName\":\"search_term_string\"}}],\"inLanguage\":\"en-US\"},{\"@type\":\"Organization\",\"@id\":\"https:\/\/tune.design421.de\/#organization\",\"name\":\"Tuning Configurator\",\"url\":\"https:\/\/tune.design421.de\/\",\"logo\":{\"@type\":\"ImageObject\",\"inLanguage\":\"en-US\",\"@id\":\"https:\/\/tune.design421.de\/#\/schema\/logo\/image\/\",\"url\":\"https:\/\/tune.design421.de\/wp-content\/uploads\/2025\/01\/tunconf_w.svg\",\"contentUrl\":\"https:\/\/tune.design421.de\/wp-content\/uploads\/2025\/01\/tunconf_w.svg\",\"width\":48,\"height\":16,\"caption\":\"Tuning Configurator\"},\"image\":{\"@id\":\"https:\/\/tune.design421.de\/#\/schema\/logo\/image\/\"}}]}<\/script>\n<!-- \/ Yoast SEO plugin. -->","yoast_head_json":{"title":"J\u00e4hrliche Zahlung - Tuning Configurator","robots":{"index":"noindex","follow":"follow","max-snippet":"max-snippet:-1","max-image-preview":"max-image-preview:large","max-video-preview":"max-video-preview:-1"},"og_locale":"en_US","og_type":"article","og_title":"J\u00e4hrliche Zahlung - Tuning Configurator","og_description":"J\u00e4hrliche Zahlung Jetzt Angebot anfragen Paketauswahl J\u00e4hrliche Zahlung Monatliche Zahlung 14 Tage Demo-Version Kontakt +49 (0) 211 152 029 88 sales@tuneconf.com Angebot f\u00fcr die j\u00e4hrliche Zahlungsweise","og_url":"https:\/\/tune.design421.de\/en\/pakete\/jaehrlich\/","og_site_name":"Tuning Configurator","article_modified_time":"2026-01-20T12:18:39+00:00","twitter_card":"summary_large_image","schema":{"@context":"https:\/\/schema.org","@graph":[{"@type":"WebPage","@id":"https:\/\/tune.design421.de\/pakete\/jaehrlich\/","url":"https:\/\/tune.design421.de\/pakete\/jaehrlich\/","name":"J\u00e4hrliche Zahlung - Tuning Configurator","isPartOf":{"@id":"https:\/\/tune.design421.de\/#website"},"datePublished":"2025-02-03T13:17:09+00:00","dateModified":"2026-01-20T12:18:39+00:00","breadcrumb":{"@id":"https:\/\/tune.design421.de\/pakete\/jaehrlich\/#breadcrumb"},"inLanguage":"en-US","potentialAction":[{"@type":"ReadAction","target":["https:\/\/tune.design421.de\/pakete\/jaehrlich\/"]}]},{"@type":"BreadcrumbList","@id":"https:\/\/tune.design421.de\/pakete\/jaehrlich\/#breadcrumb","itemListElement":[{"@type":"ListItem","position":1,"name":"Startseite","item":"https:\/\/tune.design421.de\/"},{"@type":"ListItem","position":2,"name":"Pakete","item":"https:\/\/tune.design421.de\/pakete\/"},{"@type":"ListItem","position":3,"name":"J\u00e4hrliche Zahlung"}]},{"@type":"WebSite","@id":"https:\/\/tune.design421.de\/#website","url":"https:\/\/tune.design421.de\/","name":"Tuning Configurator","description":"Level up your Website with our Tuning Configurator","publisher":{"@id":"https:\/\/tune.design421.de\/#organization"},"potentialAction":[{"@type":"SearchAction","target":{"@type":"EntryPoint","urlTemplate":"https:\/\/tune.design421.de\/?s={search_term_string}"},"query-input":{"@type":"PropertyValueSpecification","valueRequired":true,"valueName":"search_term_string"}}],"inLanguage":"en-US"},{"@type":"Organization","@id":"https:\/\/tune.design421.de\/#organization","name":"Tuning Configurator","url":"https:\/\/tune.design421.de\/","logo":{"@type":"ImageObject","inLanguage":"en-US","@id":"https:\/\/tune.design421.de\/#\/schema\/logo\/image\/","url":"https:\/\/tune.design421.de\/wp-content\/uploads\/2025\/01\/tunconf_w.svg","contentUrl":"https:\/\/tune.design421.de\/wp-content\/uploads\/2025\/01\/tunconf_w.svg","width":48,"height":16,"caption":"Tuning Configurator"},"image":{"@id":"https:\/\/tune.design421.de\/#\/schema\/logo\/image\/"}}]}},"_links":{"self":[{"href":"https:\/\/tune.design421.de\/en\/wp-json\/wp\/v2\/pages\/669","targetHints":{"allow":["GET"]}}],"collection":[{"href":"https:\/\/tune.design421.de\/en\/wp-json\/wp\/v2\/pages"}],"about":[{"href":"https:\/\/tune.design421.de\/en\/wp-json\/wp\/v2\/types\/page"}],"author":[{"embeddable":true,"href":"https:\/\/tune.design421.de\/en\/wp-json\/wp\/v2\/users\/1"}],"replies":[{"embeddable":true,"href":"https:\/\/tune.design421.de\/en\/wp-json\/wp\/v2\/comments?post=669"}],"version-history":[{"count":19,"href":"https:\/\/tune.design421.de\/en\/wp-json\/wp\/v2\/pages\/669\/revisions"}],"predecessor-version":[{"id":815,"href":"https:\/\/tune.design421.de\/en\/wp-json\/wp\/v2\/pages\/669\/revisions\/815"}],"up":[{"embeddable":true,"href":"https:\/\/tune.design421.de\/en\/wp-json\/wp\/v2\/pages\/655"}],"wp:attachment":[{"href":"https:\/\/tune.design421.de\/en\/wp-json\/wp\/v2\/media?parent=669"}],"curies":[{"name":"wp","href":"https:\/\/api.w.org\/{rel}","templated":true}]}}